{"id":288,"date":"2022-12-29T15:29:20","date_gmt":"2022-12-29T18:29:20","guid":{"rendered":"https:\/\/casanostrahotel.com.ar\/reservar\/?page_id=288"},"modified":"2023-01-18T11:29:52","modified_gmt":"2023-01-18T14:29:52","slug":"info","status":"publish","type":"page","link":"https:\/\/casanostrahotel.com.ar\/reservar\/info\/","title":{"rendered":"Informaci\u00f3n \u00fatil"},"content":{"rendered":"\n<div class=\"wp-block-columns is-not-stacked-on-mobile is-layout-flex wp-container-core-columns-is-layout-28f84493 wp-block-columns-is-layout-flex\">\n<div class=\"wp-block-column is-layout-flow wp-block-column-is-layout-flow\">\n<figure class=\"wp-block-image size-full\"><a href=\"#info-general\"><img loading=\"lazy\" decoding=\"async\" width=\"479\" height=\"218\" src=\"https:\/\/casanostrahotel.com.ar\/reservar\/wp-content\/contenidos\/2022\/12\/b1.png\" alt=\"\" class=\"wp-image-305\" srcset=\"https:\/\/casanostrahotel.com.ar\/reservar\/wp-content\/contenidos\/2022\/12\/b1.png 479w, https:\/\/casanostrahotel.com.ar\/reservar\/wp-content\/contenidos\/2022\/12\/b1-300x137.png 300w\" sizes=\"auto, (max-width: 479px) 100vw, 479px\" \/><\/a><\/figure>\n\n\n\n<div style=\"height:10px\" aria-hidden=\"true\" class=\"wp-block-spacer\"><\/div>\n\n\n\n<figure class=\"wp-block-image size-full\"><a href=\"#comidas\"><img loading=\"lazy\" decoding=\"async\" width=\"479\" height=\"218\" src=\"https:\/\/casanostrahotel.com.ar\/reservar\/wp-content\/contenidos\/2022\/12\/b3.png\" alt=\"\" class=\"wp-image-309\" srcset=\"https:\/\/casanostrahotel.com.ar\/reservar\/wp-content\/contenidos\/2022\/12\/b3.png 479w, https:\/\/casanostrahotel.com.ar\/reservar\/wp-content\/contenidos\/2022\/12\/b3-300x137.png 300w\" sizes=\"auto, (max-width: 479px) 100vw, 479px\" \/><\/a><\/figure>\n\n\n\n<div style=\"height:10px\" aria-hidden=\"true\" class=\"wp-block-spacer\"><\/div>\n\n\n\n<figure class=\"wp-block-image size-full\"><a href=\"#juegos\"><img loading=\"lazy\" decoding=\"async\" width=\"479\" height=\"218\" src=\"https:\/\/casanostrahotel.com.ar\/reservar\/wp-content\/contenidos\/2022\/12\/b_juegos.png\" alt=\"\" class=\"wp-image-322\" srcset=\"https:\/\/casanostrahotel.com.ar\/reservar\/wp-content\/contenidos\/2022\/12\/b_juegos.png 479w, https:\/\/casanostrahotel.com.ar\/reservar\/wp-content\/contenidos\/2022\/12\/b_juegos-300x137.png 300w\" sizes=\"auto, (max-width: 479px) 100vw, 479px\" \/><\/a><\/figure>\n\n\n\n<div style=\"height:10px\" aria-hidden=\"true\" class=\"wp-block-spacer\"><\/div>\n\n\n\n<figure class=\"wp-block-image size-full\"><a href=\"https:\/\/api.whatsapp.com\/send?phone=5493541634887&amp;text=Consulta%20de%20un%20hu%C3%A9sped\"><img loading=\"lazy\" decoding=\"async\" width=\"479\" height=\"217\" src=\"https:\/\/casanostrahotel.com.ar\/reservar\/wp-content\/contenidos\/2022\/12\/b7.png\" alt=\"\" class=\"wp-image-335\" srcset=\"https:\/\/casanostrahotel.com.ar\/reservar\/wp-content\/contenidos\/2022\/12\/b7.png 479w, https:\/\/casanostrahotel.com.ar\/reservar\/wp-content\/contenidos\/2022\/12\/b7-300x136.png 300w\" sizes=\"auto, (max-width: 479px) 100vw, 479px\" \/><\/a><\/figure>\n\n\n\n<div style=\"height:10px\" aria-hidden=\"true\" class=\"wp-block-spacer\"><\/div>\n\n\n\n<figure class=\"wp-block-image size-full\"><a href=\"https:\/\/www.facebook.com\/casanostrahotel\" target=\"_blank\" rel=\"noreferrer noopener\"><img loading=\"lazy\" decoding=\"async\" width=\"479\" height=\"218\" src=\"https:\/\/casanostrahotel.com.ar\/reservar\/wp-content\/contenidos\/2022\/12\/face.png\" alt=\"\" class=\"wp-image-389\" srcset=\"https:\/\/casanostrahotel.com.ar\/reservar\/wp-content\/contenidos\/2022\/12\/face.png 479w, https:\/\/casanostrahotel.com.ar\/reservar\/wp-content\/contenidos\/2022\/12\/face-300x137.png 300w\" sizes=\"auto, (max-width: 479px) 100vw, 479px\" \/><\/a><\/figure>\n<\/div>\n\n\n\n<div class=\"wp-block-column is-layout-flow wp-block-column-is-layout-flow\">\n<figure class=\"wp-block-image size-full\"><a href=\"#internet\"><img loading=\"lazy\" decoding=\"async\" width=\"480\" height=\"218\" src=\"https:\/\/casanostrahotel.com.ar\/reservar\/wp-content\/contenidos\/2022\/12\/b2.png\" alt=\"\" class=\"wp-image-306\" srcset=\"https:\/\/casanostrahotel.com.ar\/reservar\/wp-content\/contenidos\/2022\/12\/b2.png 480w, https:\/\/casanostrahotel.com.ar\/reservar\/wp-content\/contenidos\/2022\/12\/b2-300x136.png 300w\" sizes=\"auto, (max-width: 480px) 100vw, 480px\" \/><\/a><\/figure>\n\n\n\n<div style=\"height:10px\" aria-hidden=\"true\" class=\"wp-block-spacer\"><\/div>\n\n\n\n<figure class=\"wp-block-image size-full\"><a href=\"#piscina\"><img loading=\"lazy\" decoding=\"async\" width=\"480\" height=\"218\" src=\"https:\/\/casanostrahotel.com.ar\/reservar\/wp-content\/contenidos\/2022\/12\/b4.png\" alt=\"\" class=\"wp-image-308\" srcset=\"https:\/\/casanostrahotel.com.ar\/reservar\/wp-content\/contenidos\/2022\/12\/b4.png 480w, https:\/\/casanostrahotel.com.ar\/reservar\/wp-content\/contenidos\/2022\/12\/b4-300x136.png 300w\" sizes=\"auto, (max-width: 480px) 100vw, 480px\" \/><\/a><\/figure>\n\n\n\n<div style=\"height:10px\" aria-hidden=\"true\" class=\"wp-block-spacer\"><\/div>\n\n\n\n<figure class=\"wp-block-image size-full\"><a href=\"https:\/\/casanostrahotel.com.ar\/reservar\/dejenos-su-opinion\/\"><img loading=\"lazy\" decoding=\"async\" width=\"480\" height=\"217\" src=\"https:\/\/casanostrahotel.com.ar\/reservar\/wp-content\/contenidos\/2022\/12\/b8.png\" alt=\"\" class=\"wp-image-326\" srcset=\"https:\/\/casanostrahotel.com.ar\/reservar\/wp-content\/contenidos\/2022\/12\/b8.png 480w, https:\/\/casanostrahotel.com.ar\/reservar\/wp-content\/contenidos\/2022\/12\/b8-300x136.png 300w\" sizes=\"auto, (max-width: 480px) 100vw, 480px\" \/><\/a><\/figure>\n\n\n\n<div style=\"height:10px\" aria-hidden=\"true\" class=\"wp-block-spacer\"><\/div>\n\n\n\n<figure class=\"wp-block-image size-full\"><a href=\"https:\/\/api.whatsapp.com\/send?phone=5493541685121&amp;text=Hola%20quisiera%20pedir%20un%20taxi%20a%20Hotel%20Casanostra%20calle%20Gob%20Ferreyra%20222,%20gracias\"><img loading=\"lazy\" decoding=\"async\" width=\"479\" height=\"218\" src=\"https:\/\/casanostrahotel.com.ar\/reservar\/wp-content\/contenidos\/2022\/12\/taxi.png\" alt=\"\" class=\"wp-image-385\" srcset=\"https:\/\/casanostrahotel.com.ar\/reservar\/wp-content\/contenidos\/2022\/12\/taxi.png 479w, https:\/\/casanostrahotel.com.ar\/reservar\/wp-content\/contenidos\/2022\/12\/taxi-300x137.png 300w\" sizes=\"auto, (max-width: 479px) 100vw, 479px\" \/><\/a><\/figure>\n\n\n\n<div style=\"height:10px\" aria-hidden=\"true\" class=\"wp-block-spacer\"><\/div>\n\n\n\n<figure class=\"wp-block-image size-full\"><a href=\"https:\/\/www.instagram.com\/casanostrahotel\/\" target=\"_blank\" rel=\"noreferrer noopener\"><img loading=\"lazy\" decoding=\"async\" width=\"479\" height=\"218\" src=\"https:\/\/casanostrahotel.com.ar\/reservar\/wp-content\/contenidos\/2022\/12\/instagram.png\" alt=\"\" class=\"wp-image-388\" srcset=\"https:\/\/casanostrahotel.com.ar\/reservar\/wp-content\/contenidos\/2022\/12\/instagram.png 479w, https:\/\/casanostrahotel.com.ar\/reservar\/wp-content\/contenidos\/2022\/12\/instagram-300x137.png 300w\" sizes=\"auto, (max-width: 479px) 100vw, 479px\" \/><\/a><\/figure>\n<\/div>\n<\/div>\n\n\n\n<div style=\"height:100px\" aria-hidden=\"true\" id=\"info-general\" class=\"wp-block-spacer\"><\/div>\n\n\n\n<h2 class=\"has-text-align-center has-accent-color has-text-color wp-block-heading\" id=\"info-util\">Info general<\/h2>\n\n\n\n<p class=\"has-text-align-center\"><strong>Horario de ingreso (check-in)<\/strong>&nbsp;14 horas.<br>Al momento del ingreso, se le entregar\u00e1 una tarjeta magn\u00e9tica para la apertura de su habitaci\u00f3n. Al momento de retirarse deber\u00e1 devolverla en recepci\u00f3n.<\/p>\n\n\n\n<p class=\"has-text-align-center\"><strong>Horario de salida (check-out)&nbsp;<\/strong>10:30 horas.<\/p>\n\n\n\n<p class=\"has-text-align-center\">Si desea retirarse posteriormente al horario de salida (<strong>late check-out<\/strong>), consulte disponibilidad y aproveche al m\u00e1ximo su estad\u00eda a un precio conveniente.<\/p>\n\n\n<div class=\"wp-block-image\">\n<figure class=\"aligncenter size-full\"><img loading=\"lazy\" decoding=\"async\" width=\"800\" height=\"283\" src=\"https:\/\/casanostrahotel.com.ar\/reservar\/wp-content\/contenidos\/2022\/12\/desayuno-casanostra.jpg\" alt=\"\" class=\"wp-image-290\" srcset=\"https:\/\/casanostrahotel.com.ar\/reservar\/wp-content\/contenidos\/2022\/12\/desayuno-casanostra.jpg 800w, https:\/\/casanostrahotel.com.ar\/reservar\/wp-content\/contenidos\/2022\/12\/desayuno-casanostra-300x106.jpg 300w, https:\/\/casanostrahotel.com.ar\/reservar\/wp-content\/contenidos\/2022\/12\/desayuno-casanostra-768x272.jpg 768w\" sizes=\"auto, (max-width: 800px) 100vw, 800px\" \/><\/figure>\n<\/div>\n\n\n<div style=\"height:10px\" aria-hidden=\"true\" class=\"wp-block-spacer\"><\/div>\n\n\n\n<p class=\"has-text-align-center\"><strong>Desayuno<\/strong>&nbsp;de 8 a 10:30 hs.<br>Si necesita desayunar antes del horario de inicio, por favor comun\u00edquese con recepci\u00f3n.<\/p>\n\n\n\n<p class=\"has-text-align-center\"><strong>Cocheras<\/strong><br>Est\u00e1n <strong>incluidas para las habitaciones superiores<\/strong> y se les entrega un control para abrir y cerrar el port\u00f3n. Para habitaciones est\u00e1ndar <strong>no est\u00e1n incluidas<\/strong>.<\/p>\n\n\n\n<p class=\"has-text-align-center\"><strong>Limpieza<\/strong><br>Cada ma\u00f1ana las mucamas realizan la limpieza diaria de la habitaci\u00f3n. Puede dar aviso a la recepci\u00f3n, para una mejor organizaci\u00f3n de sus preferencias horarias.<\/p>\n\n\n\n<p class=\"has-text-align-center\"><strong>Caja fuerte<\/strong><br>Usted puede dejar sus objetos de valor en la caja fuerte de la habitaci\u00f3n. Pida la llave en recepci\u00f3n sin costo alguno.<\/p>\n\n\n\n<p class=\"has-text-align-center\"><strong>Uso del aire acondicionado<\/strong><br>Para utilizarlo, debe colocar la tarjeta magn\u00e9tica en el soporte que se encuentra ingresando a la habitaci\u00f3n, eso habilita la electricidad en el cuarto. Luego, regula sus preferencias con el control remoto que se encuentra en la habitaci\u00f3n.<\/p>\n\n\n\n<p class=\"has-text-align-center\"><strong>Cobertura para Emergencias M\u00e9dicas<\/strong><br>Contamos con servicio de emergencia <strong>Vittal<\/strong>. Solic\u00edtelo en recepci\u00f3n. El mismo tiene un coseguro que se abona al momento de la atenci\u00f3n.<\/p>\n\n\n\n<p class=\"has-text-align-center\"><strong>Lavander\u00eda<\/strong><br>Tenemos servicio de lavander\u00eda (con costo adicional), consulte en recepci\u00f3n.<\/p>\n\n\n\n<div style=\"height:10px\" aria-hidden=\"true\" class=\"wp-block-spacer\"><\/div>\n\n\n\n<div class=\"wp-block-buttons is-layout-flex wp-block-buttons-is-layout-flex\">\n<div class=\"wp-block-button aligncenter\"><a class=\"wp-block-button__link wp-element-button\" href=\"#primary\">Regresar al men\u00fa<\/a><\/div>\n<\/div>\n\n\n\n<div style=\"height:100px\" aria-hidden=\"true\" id=\"internet\" class=\"wp-block-spacer\"><\/div>\n\n\n\n<h2 class=\"has-text-align-center has-accent-color has-text-color wp-block-heading\" id=\"info-util\">Internet WiFi<\/h2>\n\n\n\n<p class=\"has-text-align-center\"><strong>Contamos con 4 redes disponibles en todo el hotel que tienen mejor se\u00f1al dependiendo de la zona:<\/strong><\/p>\n\n\n\n<p class=\"has-text-align-center\"><strong>Zona de recepci\u00f3n<\/strong><br><strong>RED<\/strong>: CASANOSTRA1<\/p>\n\n\n\n<p class=\"has-text-align-center\"><strong>Zona comedor<\/strong><br><strong>RED<\/strong>: CASANOSTRA2<\/p>\n\n\n\n<p class=\"has-text-align-center\"><strong>Zona del parque<\/strong><br><strong>RED<\/strong>: CASANOSTRA3<\/p>\n\n\n\n<p class=\"has-text-align-center\"><strong>Zona S.UM.<\/strong><br><strong>RED<\/strong>: CASANOSTRA4 <br><br><strong>CLAVE PARA TODAS<\/strong>: villacarlospaz<\/p>\n\n\n\n<div style=\"height:10px\" aria-hidden=\"true\" class=\"wp-block-spacer\"><\/div>\n\n\n\n<div class=\"wp-block-buttons is-layout-flex wp-block-buttons-is-layout-flex\">\n<div class=\"wp-block-button aligncenter\"><a class=\"wp-block-button__link wp-element-button\" href=\"#primary\">Regresar al men\u00fa<\/a><\/div>\n<\/div>\n\n\n\n<div style=\"height:100px\" aria-hidden=\"true\" id=\"comidas\" class=\"wp-block-spacer\"><\/div>\n\n\n\n<h2 class=\"has-text-align-center has-accent-color has-text-color wp-block-heading\" id=\"info-util\">Comidas<\/h2>\n\n\n\n<p class=\"has-text-align-center\"><strong>DESAYUNO BUFFET<\/strong><br>De 8 a 10:30 hs.<\/p>\n\n\n\n<p class=\"has-text-align-center\"><strong>ALMUERZO<\/strong><br>De 12:30 a 14:30 hs.<\/p>\n\n\n\n<p class=\"has-text-align-center\"><strong>SERVICIO DE COMIDAS<\/strong><br>De 12:30 a 20:30 hs.<br>Tostados, jugos, pizzas, snacks (ver carta)<\/p>\n\n\n\n<p class=\"has-text-align-center\"><strong>CENA BUFFET<\/strong><br>De 20:30 a 22:00 hs.<\/p>\n\n\n\n<div style=\"height:10px\" aria-hidden=\"true\" class=\"wp-block-spacer\"><\/div>\n\n\n\n<div class=\"wp-block-buttons is-content-justification-center is-layout-flex wp-container-core-buttons-is-layout-a89b3969 wp-block-buttons-is-layout-flex\">\n<div class=\"wp-block-button is-style-outline is-style-outline--1\"><a class=\"wp-block-button__link has-accent-color has-text-color wp-element-button\" href=\"https:\/\/drive.google.com\/file\/d\/19-8w7cJqKZFjfAx-i_EjH7GgyTDU866x\/view?usp=sharing\" target=\"_blank\" rel=\"noreferrer noopener\">Ver carta<\/a><\/div>\n<\/div>\n\n\n<div class=\"wp-block-image\">\n<figure class=\"aligncenter size-large\"><img loading=\"lazy\" decoding=\"async\" width=\"576\" height=\"1024\" src=\"https:\/\/casanostrahotel.com.ar\/reservar\/wp-content\/contenidos\/2023\/01\/WhatsApp-Image-2023-01-02-at-17.58.48-576x1024.jpeg\" alt=\"\" class=\"wp-image-392\" srcset=\"https:\/\/casanostrahotel.com.ar\/reservar\/wp-content\/contenidos\/2023\/01\/WhatsApp-Image-2023-01-02-at-17.58.48-576x1024.jpeg 576w, https:\/\/casanostrahotel.com.ar\/reservar\/wp-content\/contenidos\/2023\/01\/WhatsApp-Image-2023-01-02-at-17.58.48-169x300.jpeg 169w, https:\/\/casanostrahotel.com.ar\/reservar\/wp-content\/contenidos\/2023\/01\/WhatsApp-Image-2023-01-02-at-17.58.48-768x1366.jpeg 768w, https:\/\/casanostrahotel.com.ar\/reservar\/wp-content\/contenidos\/2023\/01\/WhatsApp-Image-2023-01-02-at-17.58.48-864x1536.jpeg 864w, https:\/\/casanostrahotel.com.ar\/reservar\/wp-content\/contenidos\/2023\/01\/WhatsApp-Image-2023-01-02-at-17.58.48.jpeg 899w\" sizes=\"auto, (max-width: 576px) 100vw, 576px\" \/><\/figure>\n<\/div>\n\n\n<div style=\"height:10px\" aria-hidden=\"true\" class=\"wp-block-spacer\"><\/div>\n\n\n\n<div class=\"wp-block-buttons is-layout-flex wp-block-buttons-is-layout-flex\">\n<div class=\"wp-block-button aligncenter\"><a class=\"wp-block-button__link wp-element-button\" href=\"#primary\">Regresar al men\u00fa<\/a><\/div>\n<\/div>\n\n\n\n<div style=\"height:100px\" aria-hidden=\"true\" id=\"piscina\" class=\"wp-block-spacer\"><\/div>\n\n\n\n<h2 class=\"has-text-align-center has-accent-color has-text-color wp-block-heading\" id=\"info-util\">Piscina<\/h2>\n\n\n\n<p class=\"has-text-align-center\">El horario de uso es de 10 a 21 hs.<\/p>\n\n\n\n<p class=\"has-text-align-center\">Solicite toallones para pileta en Recepci\u00f3n.<br><strong>NO <\/strong>se permite utilizar las toallas y toallones de la habitaci\u00f3n en este sector.<br><strong><strong>NO<\/strong><\/strong> se permite el ingreso de comidas y\/o bebidas.<\/p>\n\n\n<div class=\"wp-block-image\">\n<figure class=\"aligncenter size-full\"><img loading=\"lazy\" decoding=\"async\" width=\"800\" height=\"548\" src=\"https:\/\/casanostrahotel.com.ar\/reservar\/wp-content\/contenidos\/2022\/12\/pileta.jpg\" alt=\"\" class=\"wp-image-345\" srcset=\"https:\/\/casanostrahotel.com.ar\/reservar\/wp-content\/contenidos\/2022\/12\/pileta.jpg 800w, https:\/\/casanostrahotel.com.ar\/reservar\/wp-content\/contenidos\/2022\/12\/pileta-300x206.jpg 300w, https:\/\/casanostrahotel.com.ar\/reservar\/wp-content\/contenidos\/2022\/12\/pileta-768x526.jpg 768w\" sizes=\"auto, (max-width: 800px) 100vw, 800px\" \/><\/figure>\n<\/div>\n\n\n<div style=\"height:10px\" aria-hidden=\"true\" class=\"wp-block-spacer\"><\/div>\n\n\n\n<div class=\"wp-block-buttons is-layout-flex wp-block-buttons-is-layout-flex\">\n<div class=\"wp-block-button aligncenter\"><a class=\"wp-block-button__link wp-element-button\" href=\"#primary\">Regresar al men\u00fa<\/a><\/div>\n<\/div>\n\n\n\n<div style=\"height:100px\" aria-hidden=\"true\" id=\"juegos\" class=\"wp-block-spacer\"><\/div>\n\n\n\n<h2 class=\"has-text-align-center has-accent-color has-text-color wp-block-heading\" id=\"info-util\">Sala de juegos<\/h2>\n\n\n\n<p class=\"has-text-align-center\">Contamos con una sala para recreaci\u00f3n, con mesa de ping-pong, tejo, pool y videojuegos.<\/p>\n\n\n<div class=\"wp-block-image\">\n<figure class=\"aligncenter size-full\"><img loading=\"lazy\" decoding=\"async\" width=\"800\" height=\"548\" src=\"https:\/\/casanostrahotel.com.ar\/reservar\/wp-content\/contenidos\/2022\/12\/juegos.jpg\" alt=\"\" class=\"wp-image-362\" srcset=\"https:\/\/casanostrahotel.com.ar\/reservar\/wp-content\/contenidos\/2022\/12\/juegos.jpg 800w, https:\/\/casanostrahotel.com.ar\/reservar\/wp-content\/contenidos\/2022\/12\/juegos-300x206.jpg 300w, https:\/\/casanostrahotel.com.ar\/reservar\/wp-content\/contenidos\/2022\/12\/juegos-768x526.jpg 768w\" sizes=\"auto, (max-width: 800px) 100vw, 800px\" \/><\/figure>\n<\/div>\n\n\n<div style=\"height:10px\" aria-hidden=\"true\" class=\"wp-block-spacer\"><\/div>\n\n\n\n<div class=\"wp-block-buttons is-layout-flex wp-block-buttons-is-layout-flex\">\n<div class=\"wp-block-button aligncenter\"><a class=\"wp-block-button__link wp-element-button\" href=\"#primary\">Regresar al men\u00fa<\/a><\/div>\n<\/div>\n\n\n\n<div style=\"height:100px\" aria-hidden=\"true\" id=\"eventos\" class=\"wp-block-spacer\"><\/div>\n\n\n\n<h2 class=\"has-text-align-center has-accent-color has-text-color wp-block-heading\" id=\"info-util\">Sal\u00f3n de eventos<\/h2>\n\n\n\n<p class=\"has-text-align-center\">Sal\u00f3n con capacidad para 100 personas. Proyector &#8211; Sonido. Apto para charlas, conferencias, eventos empresariales, etc.<\/p>\n\n\n\n<div style=\"height:10px\" aria-hidden=\"true\" class=\"wp-block-spacer\"><\/div>\n\n\n\n<div class=\"wp-block-buttons is-layout-flex wp-block-buttons-is-layout-flex\">\n<div class=\"wp-block-button aligncenter\"><a class=\"wp-block-button__link wp-element-button\" href=\"#primary\">Regresar al men\u00fa<\/a><\/div>\n<\/div>\n","protected":false},"excerpt":{"rendered":"<p>Info general Horario de ingreso (check-in)&nbsp;14 horas.Al momento del ingreso, se le entregar\u00e1 una tarjeta magn\u00e9tica para la apertura de su habitaci\u00f3n. Al momento de retirarse deber\u00e1 devolverla en recepci\u00f3n. Horario de salida (check-out)&nbsp;10:30 horas. Si desea retirarse posteriormente al horario de salida (late check-out), consulte disponibilidad y aproveche al [&hellip;]<\/p>\n","protected":false},"author":1,"featured_media":0,"parent":0,"menu_order":0,"comment_status":"closed","ping_status":"closed","template":"","meta":{"footnotes":""},"class_list":["post-288","page","type-page","status-publish","hentry"],"_links":{"self":[{"href":"https:\/\/casanostrahotel.com.ar\/reservar\/wp-json\/wp\/v2\/pages\/288","targetHints":{"allow":["GET"]}}],"collection":[{"href":"https:\/\/casanostrahotel.com.ar\/reservar\/wp-json\/wp\/v2\/pages"}],"about":[{"href":"https:\/\/casanostrahotel.com.ar\/reservar\/wp-json\/wp\/v2\/types\/page"}],"author":[{"embeddable":true,"href":"https:\/\/casanostrahotel.com.ar\/reservar\/wp-json\/wp\/v2\/users\/1"}],"replies":[{"embeddable":true,"href":"https:\/\/casanostrahotel.com.ar\/reservar\/wp-json\/wp\/v2\/comments?post=288"}],"version-history":[{"count":46,"href":"https:\/\/casanostrahotel.com.ar\/reservar\/wp-json\/wp\/v2\/pages\/288\/revisions"}],"predecessor-version":[{"id":408,"href":"https:\/\/casanostrahotel.com.ar\/reservar\/wp-json\/wp\/v2\/pages\/288\/revisions\/408"}],"wp:attachment":[{"href":"https:\/\/casanostrahotel.com.ar\/reservar\/wp-json\/wp\/v2\/media?parent=288"}],"curies":[{"name":"wp","href":"https:\/\/api.w.org\/{rel}","templated":true}]}}