{"id":2,"date":"2016-10-06T13:45:55","date_gmt":"2016-10-06T13:45:55","guid":{"rendered":"https:\/\/casanostrahotel.com.ar\/reservar\/?page_id=2"},"modified":"2022-12-29T14:56:41","modified_gmt":"2022-12-29T17:56:41","slug":"reservar","status":"publish","type":"page","link":"https:\/\/casanostrahotel.com.ar\/reservar\/","title":{"rendered":""},"content":{"rendered":"<div style=\"margin-top: -40px;\" id=\"buscar\"><\/div>\n<div style=\"margin-top: 40px;\"><img loading=\"lazy\" decoding=\"async\" src=\"https:\/\/pinardellago.com.ar\/reservar\/wp-content\/contenidos\/2016\/11\/media-pension.png\" alt=\"\" width=\"1000\" height=\"204\" class=\"alignnone size-full wp-image-74 aligncenter\" srcset=\"https:\/\/casanostrahotel.com.ar\/reservar\/wp-content\/contenidos\/2016\/11\/media-pension.png 1000w, https:\/\/casanostrahotel.com.ar\/reservar\/wp-content\/contenidos\/2016\/11\/media-pension-300x61.png 300w, https:\/\/casanostrahotel.com.ar\/reservar\/wp-content\/contenidos\/2016\/11\/media-pension-768x157.png 768w\" sizes=\"auto, (max-width: 1000px) 100vw, 1000px\" \/>\n<p><\/p>\n<h6 style=\"text-align: center;\"><span style=\"color: #ff0000;\"><strong>En caso de no contar con disponibilidad on-line, comun\u00edquese con nosotros, podemos ofrecerle otra opci\u00f3n.<\/strong><\/span><\/h6>\n<h6 style=\"text-align: center;\">Whats App <strong>3541634887<\/strong>\u00a0\/ Correo Electr\u00f3nico: <strong>info@casanostrahotel.com.ar<\/strong><\/h6>\n<p style=\"text-align: center;\"><\/p>\n<h6 style=\"text-align: center;\">* Ni\u00f1os menores de 2 a\u00f1os sin cargo (no agregar los ni\u00f1os menores de 2 a\u00f1os en el campo de b\u00fasqueda). \u00danicamente son considerados ni\u00f1os los menores de 2 a 10 a\u00f1os. Los menores a partir de los 11 a\u00f1os, por favor ingresarlos como adultos en la b\u00fasqueda.<\/h6>\n<\/div>\n\n\n<div style=\"height:20px\" aria-hidden=\"true\" class=\"wp-block-spacer\"><\/div>\n\n\n<div class=\"wp-block-image\">\n<figure class=\"aligncenter size-full\"><img loading=\"lazy\" decoding=\"async\" width=\"538\" height=\"88\" src=\"https:\/\/casanostrahotel.com.ar\/reservar\/wp-content\/contenidos\/2022\/12\/mp_banner-4.webp\" alt=\"\" class=\"wp-image-283\" srcset=\"https:\/\/casanostrahotel.com.ar\/reservar\/wp-content\/contenidos\/2022\/12\/mp_banner-4.webp 538w, https:\/\/casanostrahotel.com.ar\/reservar\/wp-content\/contenidos\/2022\/12\/mp_banner-4-300x49.webp 300w\" sizes=\"auto, (max-width: 538px) 100vw, 538px\" \/><\/figure>\n<\/div>","protected":false},"excerpt":{"rendered":"<p>En caso de no contar con disponibilidad on-line, comun\u00edquese con nosotros, podemos ofrecerle otra opci\u00f3n. Whats App 3541634887\u00a0\/ Correo Electr\u00f3nico: info@casanostrahotel.com.ar * Ni\u00f1os menores de 2 a\u00f1os sin cargo (no agregar los ni\u00f1os menores de 2 a\u00f1os en el campo de b\u00fasqueda). \u00danicamente son considerados ni\u00f1os los menores de 2 [&hellip;]<\/p>\n","protected":false},"author":1,"featured_media":0,"parent":0,"menu_order":0,"comment_status":"closed","ping_status":"open","template":"","meta":{"footnotes":""},"class_list":["post-2","page","type-page","status-publish","hentry"],"_links":{"self":[{"href":"https:\/\/casanostrahotel.com.ar\/reservar\/wp-json\/wp\/v2\/pages\/2","targetHints":{"allow":["GET"]}}],"collection":[{"href":"https:\/\/casanostrahotel.com.ar\/reservar\/wp-json\/wp\/v2\/pages"}],"about":[{"href":"https:\/\/casanostrahotel.com.ar\/reservar\/wp-json\/wp\/v2\/types\/page"}],"author":[{"embeddable":true,"href":"https:\/\/casanostrahotel.com.ar\/reservar\/wp-json\/wp\/v2\/users\/1"}],"replies":[{"embeddable":true,"href":"https:\/\/casanostrahotel.com.ar\/reservar\/wp-json\/wp\/v2\/comments?post=2"}],"version-history":[{"count":34,"href":"https:\/\/casanostrahotel.com.ar\/reservar\/wp-json\/wp\/v2\/pages\/2\/revisions"}],"predecessor-version":[{"id":285,"href":"https:\/\/casanostrahotel.com.ar\/reservar\/wp-json\/wp\/v2\/pages\/2\/revisions\/285"}],"wp:attachment":[{"href":"https:\/\/casanostrahotel.com.ar\/reservar\/wp-json\/wp\/v2\/media?parent=2"}],"curies":[{"name":"wp","href":"https:\/\/api.w.org\/{rel}","templated":true}]}}